{"id":14,"date":"2023-05-25T11:50:46","date_gmt":"2023-05-25T11:50:46","guid":{"rendered":"https:\/\/viktorin.se\/?page_id=14"},"modified":"2024-06-13T23:31:55","modified_gmt":"2024-06-13T23:31:55","slug":"benjamin-viktorin","status":"publish","type":"page","link":"https:\/\/viktorin.se\/","title":{"rendered":"Benjamin Viktorin"},"content":{"rendered":"<div class=\"brz-root__container brz-reset-all\">\n<section id=\"nstnbewzbekbjqudybrvtxojaauevbdozvwn\" class=\"brz-section brz-css-z6b1W\">\n<div class=\"brz-section__content brz-section--fullWidth brz-css-aYlTk brz-css-lS6cr\" data-brz-custom-id=\"utmehtlezhpzwqtrusgqijqkcbcszezpibwu\">\n<div class=\"brz-bg\">\n<div class=\"brz-bg-color\"><\/div>\n<\/div>\n<div class=\"brz-container brz-css-xzDwp brz-css-bjjZI\">\n<div class=\"brz-row__container brz-css-xdQc2\" data-brz-custom-id=\"fwztqsptyajparmlggvzaozcdlahidagrtoa\">\n<div class=\"brz-bg\"><\/div>\n<div class=\"brz-row brz-css-aWcqU brz-css-mpn4C\">\n<div class=\"brz-columns brz-css-dZVUh brz-css-u_rLR\" data-brz-custom-id=\"qxbqzonwwxajqllzpstymlwmomhzcpjnxorn\">\n<div class=\"brz-bg\"><\/div>\n<div class=\"brz-column__items brz-css-uPTSx brz-css-tZFqp\">\n<div id data-brz-iteration-count=\"1\" class=\"brz-css-gNeGZ brz-wrapper brz-animated brz-css-c75Q6 brz-css-bbUz7\" data-animationid=\"qlfvewkibjdeupdjsvgrdugleqexyyueplck\">\n<div class=\"brz-rich-text brz-rich-text__custom brz-css-xV_sq\" data-brz-custom-id=\"zlyslloppxuerlynmkatgsvpyawlvqhhjrtc\">\n<div data-brz-translate-text=\"1\">\n<h1 class=\"brz-text-xs-center brz-ff-raleway brz-ft-google brz-fs-lg-150 brz-fss-lg-px brz-fw-lg-400 brz-ls-lg-0 brz-lh-lg-1_3 brz-tp-lg-heading1 brz-text-sm-center brz-css-lU76K\" data-generated-css=\"brz-css-amlya\" data-uniq-id=\"nqerm\"><strong class=\"brz-cp-color2\">Benjamin <\/strong><\/h1>\n<h1 class=\"brz-text-xs-center brz-ff-raleway brz-ft-google brz-fs-lg-150 brz-fss-lg-px brz-fw-lg-400 brz-ls-lg-0 brz-lh-lg-1_3 brz-tp-lg-heading1 brz-text-sm-center brz-css-bc6ae\" data-generated-css=\"brz-css-amlya\" data-uniq-id=\"nqerm\"><strong class=\"brz-cp-color2\">Viktorin<\/strong><strong class=\"brz-cp-color3\">.<\/strong><\/h1>\n<\/div>\n<\/div>\n<\/div>\n<div id data-brz-iteration-count=\"1\" class=\"brz-css-gNeGZ brz-wrapper brz-animated brz-css-pfvem brz-css-vUNss\" data-animationid=\"qzwgziwilyfpacqipqanmauhyfgrutnfewbp\">\n<div class=\"brz-rich-text brz-rich-text__custom brz-css-xV_sq\" data-brz-custom-id=\"wrvimzhwrrhouvssrdyduryozdnhxwskratv\">\n<div data-brz-translate-text=\"1\">\n<p class=\"brz-text-sm-center brz-tp-lg-paragraph brz-lh-lg-1_7 brz-ls-lg-0 brz-fw-lg-400 brz-fss-lg-px brz-fs-lg-20 brz-ft-google brz-ff-overpass brz-text-xs-center brz-css-sVd2E\" data-generated-css=\"brz-css-vcwkm\" data-uniq-id=\"idmql\">Webbsida, E-butik, Google ads<\/p>\n<\/div>\n<\/div>\n<\/div>\n<div id data-brz-iteration-count=\"1\" class=\"brz-css-gNeGZ brz-css-oGuOV brz-wrapper brz-animated brz-css-uav8X brz-css-uhsSX\" data-animationid=\"lihipuhgpyzznbzhvhjuhbsuqxbwatuqdfwt\">\n<div class=\"brz-lottie brz-css-xy7dB brz-css-io0Ip\"><a class=\"brz-a brz-anchor\" href=\"#znuhoiieoajlzxqzhtmphqhcdkebwsbweqwa\" target=\"_self\" rel=\"noopener\" data-brz-link-type=\"anchor\"><\/p>\n<div class=\"brz-lottie-anim\" data-animate-name=\"https:\/\/assets8.lottiefiles.com\/packages\/lf20_EdAmna.json\" data-anim-speed=\"1\" data-anim-loop=\"on\" data-anim-autoplay=\"on\" data-anim-direction=\"1\" data-render-type=\"svg\"><\/div>\n<p><\/a><\/div>\n<\/div>\n<\/div>\n<\/div>\n<div class=\"brz-columns brz-css-dZVUh brz-css-bxUWI\" data-brz-custom-id=\"gagifdeakyoigiqatghbvpswelzrnknoucjd\">\n<div class=\"brz-bg\"><\/div>\n<div class=\"brz-column__items brz-css-uPTSx brz-css-dsCt9\">\n<div id class=\"brz-css-gNeGZ brz-css-kqwBQ brz-wrapper\">\n<div class=\"brz-image brz-css-cu3PB\" data-brz-custom-id=\"khduyiefswzukwunljpluceocvhsxcqidnhq\"><img decoding=\"async\" class=\"brz-img\" src=\"https:\/\/viktorin.se\/wp-content\/uploads\/brizy\/imgs\/Mitt-projekt-960x1440x0x173x960x951x1685013232.png\" alt=\"\" loading=\"lazy\"><\/div>\n<\/div>\n<\/div>\n<\/div>\n<\/div>\n<\/div>\n<\/div>\n<\/div>\n<\/section>\n<section id=\"znuhoiieoajlzxqzhtmphqhcdkebwsbweqwa\" class=\"brz-section brz-css-z6b1W\">\n<div class=\"brz-section__content brz-section--fullWidth brz-css-aYlTk brz-css-iws6X\" data-brz-custom-id=\"fdywwcqjbsntwergokmfwycosjdhpkiviuem\">\n<div class=\"brz-bg\">\n<div class=\"brz-bg-color\"><\/div>\n<\/div>\n<div class=\"brz-container brz-css-xzDwp brz-css-jE7Wh\">\n<div class=\"brz-row__container brz-css-xdQc2\" data-brz-custom-id=\"kcrygyvgngfolptswrudoztgcftqdjtsmful\">\n<div class=\"brz-bg\"><\/div>\n<div class=\"brz-row brz-css-aWcqU brz-css-mpn4C\">\n<div class=\"brz-columns brz-css-dZVUh brz-css-jeEgU\" data-brz-custom-id=\"dwgeajomxxlmqgcdwlbkurictcxojpvxlxmy\">\n<div class=\"brz-bg\"><\/div>\n<div class=\"brz-column__items brz-css-uPTSx brz-css-bWEJP\">\n<div id class=\"brz-css-gNeGZ brz-wrapper\">\n<div class=\"brz-rich-text brz-rich-text__custom brz-css-xV_sq\" data-brz-custom-id=\"bbgxpkfleqberfaqxherdverxnrudnixohtt\">\n<div data-brz-translate-text=\"1\">\n<h2 class=\"brz-ff-raleway brz-ft-google brz-fs-lg-150 brz-fss-lg-px brz-fw-lg-400 brz-ls-lg-0 brz-lh-lg-1_3 brz-tp-lg-heading2 brz-css-uxXSs\" data-generated-css=\"brz-css-tmfrg\" data-uniq-id=\"dkayh\"><span>Kontakta mig. <\/span><\/h2>\n<\/div>\n<\/div>\n<\/div>\n<div id class=\"brz-css-gNeGZ brz-css-j7fvs brz-wrapper\">\n<div class=\"brz-rich-text brz-rich-text__custom brz-css-xV_sq\" data-brz-custom-id=\"psknibjdvtgryxxzfmhbpmjmdrzgmvdyvpqe\">\n<div data-brz-translate-text=\"1\">\n<p data-uniq-id=\"mbtxv\" data-generated-css=\"brz-css-qvojy\" class=\"brz-ff-raleway brz-ft-google brz-fs-lg-24 brz-fss-lg-px brz-fw-lg-400 brz-ls-lg-0 brz-lh-lg-1_9 brz-tp-lg-paragraph brz-css-zZgOT\"><span class=\"brz-cp-color7\">Har du en ide p\u00e5 hemsida som du vill f\u00f6rverkliga?<\/span><\/p>\n<\/div>\n<\/div>\n<\/div>\n<div class=\"brz-wrapper-clone brz-css-ePDNH brz-css-sM6KR\">\n<div class=\"brz-d-xs-flex brz-flex-xs-wrap brz-css-a7MWu brz-css-u4WLB\" data-brz-custom-id>\n<div class=\"brz-wrapper-clone__item\" id=\"yogwckqhrgssjxlviowmitfumfjawyefpzkb\"><a class=\"brz-a brz-btn brz-css-bwwvi brz-css-nig70\" href=\"mailto:benjamin@viktorin.se\" target=\"_self\" rel=\"noopener\" data-brz-link-type=\"external\" data-brz-custom-id=\"yogwckqhrgssjxlviowmitfumfjawyefpzkb\"><span data-brz-translate-text=\"1\" class=\"brz-span brz-text__editor\">E-post<\/span><\/a><\/div>\n<\/div>\n<\/div>\n<\/div>\n<\/div>\n<\/div>\n<\/div>\n<div id class=\"brz-css-gNeGZ brz-css-svo2f brz-wrapper\">\n<div data-motion-scroll-scale=\"%7B%22scrollStep%22%3A10%2C%22direction%22%3A%22upDown%22%2C%22xPosition%22%3A%22center%22%2C%22yPosition%22%3A%22center%22%2C%22viewport%22%3A%7B%22top%22%3A0%2C%22bottom%22%3A59%7D%7D\" data-motion-responsive=\"%5B%7B%22breakpoint%22%3A991%2C%22settings%22%3A%7B%22scroll%22%3A%5B%7B%22type%22%3A%22scale%22%2C%22direction%22%3A%22upDown%22%2C%22xPosition%22%3A%22center%22%2C%22yPosition%22%3A%22center%22%2C%22scrollStep%22%3A10%2C%22viewport%22%3A%7B%22top%22%3A0%2C%22bottom%22%3A59%7D%7D%5D%7D%7D%2C%7B%22breakpoint%22%3A767%2C%22settings%22%3A%7B%22scroll%22%3A%5B%7B%22type%22%3A%22scale%22%2C%22direction%22%3A%22upDown%22%2C%22xPosition%22%3A%22center%22%2C%22yPosition%22%3A%22center%22%2C%22scrollStep%22%3A10%2C%22viewport%22%3A%7B%22top%22%3A0%2C%22bottom%22%3A59%7D%7D%5D%7D%7D%5D\" class=\"brz-wrapper__scrollmotion brz-motion--effects\">\n<div class=\"brz-line brz-line-default brz-css-pwWFK brz-css-jIfWt\" data-brz-custom-id=\"tuntmjvxbxxibuhiobhprpifmnlaomsloxof\">\n<hr class=\"brz-hr\"><\/div>\n<\/div>\n<\/div>\n<div class=\"brz-row__container brz-css-xdQc2 brz-css-eZ5aZ\" data-brz-custom-id=\"cpzlyfujshstwslpjafrifpkmeovvcmubpit\">\n<div class=\"brz-bg\"><\/div>\n<div class=\"brz-row brz-css-aWcqU brz-css-mpn4C\">\n<div class=\"brz-columns brz-css-dZVUh brz-css-zxOGR\" data-brz-custom-id=\"vocuramgzlaccodlihyaoosafhzlvupelaex\">\n<div class=\"brz-bg\"><\/div>\n<div class=\"brz-column__items brz-css-uPTSx brz-css-h7WqD\">\n<div id class=\"brz-css-gNeGZ brz-wrapper\">\n<div class=\"brz-rich-text brz-rich-text__custom brz-css-xV_sq\" data-brz-custom-id=\"rimkppwxshwhrqatxfygchzigwciqmnkgnqv\">\n<div data-brz-translate-text=\"1\">\n<p class=\"brz-fs-xs-20 brz-tp-xs-empty brz-lh-xs-1_9 brz-ls-xs-0 brz-fw-xs-700 brz-fss-xs-px brz-fw-lg-700 brz-fss-lg-px brz-fs-lg-24 brz-ft-google brz-ff-raleway brz-tp-lg-empty brz-lh-lg-1_9 brz-ls-lg-0 brz-css-aUvcp\" data-generated-css=\"brz-css-obasn\" data-uniq-id=\"tochw\"><span class=\"brz-cp-color7\">F\u00f6lj mig<\/span><\/p>\n<\/div>\n<\/div>\n<\/div>\n<div class=\"brz-wrapper-clone brz-css-ePDNH\">\n<div class=\"brz-d-xs-flex brz-flex-xs-wrap brz-css-a7MWu brz-css-gWCy1\" data-brz-custom-id>\n<div class=\"brz-wrapper-clone__item\" id=\"uwqekobsumktvbnlbkivufmrkdbvwpvhfobn\">\n<div class=\"brz-icon__container\" data-brz-custom-id=\"uwqekobsumktvbnlbkivufmrkdbvwpvhfobn\"><a class=\"brz-a\" href=\"https:\/\/www.linkedin.com\/in\/benjaminviktorin\/\" target=\"_blank\" rel=\"noopener\" data-brz-link-type=\"external\"><span class=\"brz-icon brz-span brz-css-p3GcC brz-css-nkmLL\"><\/span><\/a><\/div>\n<\/div>\n<\/div>\n<\/div>\n<\/div>\n<\/div>\n<div class=\"brz-columns brz-css-dZVUh brz-css-s36tK\" data-brz-custom-id=\"cfuwopzsxpesbgplthtadwxjhraielwzzlvl\">\n<div class=\"brz-bg\"><\/div>\n<div class=\"brz-column__items brz-css-uPTSx brz-css-hI_eI\">\n<div id class=\"brz-css-gNeGZ brz-wrapper\">\n<div class=\"brz-rich-text brz-rich-text__custom brz-css-xV_sq\" data-brz-custom-id=\"ritoszpnoeliswmqzauqviygwdwzoypocsvu\">\n<div data-brz-translate-text=\"1\">\n<p class=\"brz-fw-lg-700 brz-fss-lg-px brz-fs-lg-24 brz-ft-google brz-ff-raleway brz-tp-lg-empty brz-lh-lg-1_9 brz-ls-lg-0 brz-fss-xs-px brz-fw-xs-700 brz-ls-xs-0 brz-lh-xs-1_9 brz-tp-xs-empty brz-fs-xs-20 brz-css-ejm6T\" data-generated-css=\"brz-css-fqfpb\" data-uniq-id=\"hshcr\"><span class=\"brz-cp-color7\">F\u00f6retag<\/span><\/p>\n<\/div>\n<\/div>\n<\/div>\n<div id class=\"brz-css-gNeGZ brz-wrapper\">\n<div class=\"brz-rich-text brz-rich-text__custom brz-css-xV_sq\" data-brz-custom-id=\"pauiscrtblefrfxjnjhmmwmktcjrvsxavwze\">\n<div data-brz-translate-text=\"1\">\n<p class=\"brz-tp-xs-paragraph brz-lh-lg-1_9 brz-ls-lg-0 brz-fw-lg-400 brz-fss-lg-px brz-fs-lg-24 brz-ft-google brz-ff-raleway brz-tp-lg-empty brz-bcp-color7 brz-tp-sm-paragraph brz-css-h5K5V\" data-generated-css=\"brz-css-avuwu\" data-uniq-id=\"bfeve\"><a class=\"brz-cp-color7 link--external\" href=\"https:\/\/nordivo.se\/\" data-brz-link-type=\"external\" target=\"_blank\" rel=\"noopener\">Nordivo Webbyr\u00e5 AB<\/a><span class=\"brz-cp-color7\"> &#8211; Medgrundare, Del\u00e4gare<\/span><\/p>\n<p class=\"brz-tp-xs-paragraph brz-lh-lg-1_9 brz-ls-lg-0 brz-fw-lg-400 brz-fss-lg-px brz-fs-lg-24 brz-ft-google brz-ff-raleway brz-tp-lg-empty brz-bcp-color7 brz-tp-sm-paragraph brz-css-nIkc6\" data-generated-css=\"brz-css-icijq\" data-uniq-id=\"nruwz\"><a class=\"link--external brz-cp-color7\" href=\"https:\/\/nordivobrf.se\/\" data-brz-link-type=\"external\" target=\"_blank\" rel=\"noopener\">nordivoBRF<\/a> &#8211; Medgrundare<\/p>\n<p class=\"brz-tp-xs-paragraph brz-lh-lg-1_9 brz-ls-lg-0 brz-fw-lg-400 brz-fss-lg-px brz-fs-lg-24 brz-ft-google brz-ff-raleway brz-tp-lg-empty brz-bcp-color7 brz-tp-sm-paragraph brz-css-cAFlC\" data-generated-css=\"brz-css-jwqyj\" data-uniq-id=\"rcqfh\"><\/p>\n<\/div>\n<\/div>\n<\/div>\n<\/div>\n<\/div>\n<\/div>\n<\/div>\n<div id class=\"brz-css-gNeGZ brz-wrapper\">\n<div class=\"brz-rich-text brz-rich-text__custom brz-css-xV_sq\" data-brz-custom-id=\"ebvvqcjvbwgoupnrepmybgfwbauvgfpeqztc\">\n<div data-brz-translate-text=\"1\">\n<p class=\"brz-text-lg-left brz-fss-lg-px brz-fw-lg-400 brz-ls-lg-0 brz-lh-lg-1_9 brz-tp-lg-empty brz-ff-raleway brz-ft-google brz-fs-lg-20 brz-css-y2aYI\" data-generated-css=\"brz-css-ftkon\" data-uniq-id=\"ywxhp\"><span>benjamin@viktorin.se<\/span><\/p>\n<\/div>\n<\/div>\n<\/div>\n<\/div>\n<\/div>\n<\/section>\n<\/div>\n<p>    <!-- version:1718321515 --><\/p>\n","protected":false},"excerpt":{"rendered":"<p>Benjamin Viktorin. Webbsida, E-butik, Google ads Kontakta mig. Har du en ide p\u00e5 hemsida som du vill f\u00f6rverkliga? E-post F\u00f6lj mig F\u00f6retag Nordivo Webbyr\u00e5 AB &#8211; Medgrundare, Del\u00e4gare nordivoBRF &#8211; Medgrundare benjamin@viktorin.se<\/p>\n","protected":false},"author":1,"featured_media":0,"parent":0,"menu_order":0,"comment_status":"closed","ping_status":"closed","template":"brizy-blank-template.php","meta":{"footnotes":""},"class_list":["post-14","page","type-page","status-publish","hentry"],"blocksy_meta":"","yoast_head":"<!-- This site is optimized with the Yoast SEO plugin v22.8 - https:\/\/yoast.com\/wordpress\/plugins\/seo\/ -->\n<title>Benjamin Viktorin - Kontakta mig<\/title>\n<meta name=\"description\" content=\"Har du en ide p\u00e5 hemsida som du vill f\u00f6rverkliga? Kontakta mig s\u00e5 kan se diskutera m\u00f6jligheterna - Benjamin Viktorin\" \/>\n<meta name=\"robots\" content=\"index, follow, max-snippet:-1, max-image-preview:large, max-video-preview:-1\" \/>\n<link rel=\"canonical\" href=\"https:\/\/viktorin.se\/\" \/>\n<meta property=\"og:locale\" content=\"sv_SE\" \/>\n<meta property=\"og:type\" content=\"article\" \/>\n<meta property=\"og:title\" content=\"Benjamin Viktorin - Kontakta mig\" \/>\n<meta property=\"og:description\" content=\"Har du en ide p\u00e5 hemsida som du vill f\u00f6rverkliga? Kontakta mig s\u00e5 kan se diskutera m\u00f6jligheterna - Benjamin Viktorin\" \/>\n<meta property=\"og:url\" content=\"https:\/\/viktorin.se\/\" \/>\n<meta property=\"og:site_name\" content=\"Benjamin Viktorin\" \/>\n<meta property=\"article:modified_time\" content=\"2024-06-13T23:31:55+00:00\" \/>\n<meta property=\"og:image\" content=\"https:\/\/viktorin.se\/wp-content\/uploads\/brizy\/imgs\/Mitt-projekt-960x1440x0x173x960x951x1685013232.png\" \/>\n<meta name=\"twitter:card\" content=\"summary_large_image\" \/>\n<meta name=\"twitter:label1\" content=\"Ber\u00e4knad l\u00e4stid\" \/>\n\t<meta name=\"twitter:data1\" content=\"1 minut\" \/>\n<script type=\"application\/ld+json\" class=\"yoast-schema-graph\">{\"@context\":\"https:\/\/schema.org\",\"@graph\":[{\"@type\":\"WebPage\",\"@id\":\"https:\/\/viktorin.se\/\",\"url\":\"https:\/\/viktorin.se\/\",\"name\":\"Benjamin Viktorin - Kontakta mig\",\"isPartOf\":{\"@id\":\"https:\/\/viktorin.se\/#website\"},\"primaryImageOfPage\":{\"@id\":\"https:\/\/viktorin.se\/#primaryimage\"},\"image\":{\"@id\":\"https:\/\/viktorin.se\/#primaryimage\"},\"thumbnailUrl\":\"https:\/\/viktorin.se\/wp-content\/uploads\/brizy\/imgs\/Mitt-projekt-960x1440x0x173x960x951x1685013232.png\",\"datePublished\":\"2023-05-25T11:50:46+00:00\",\"dateModified\":\"2024-06-13T23:31:55+00:00\",\"description\":\"Har du en ide p\u00e5 hemsida som du vill f\u00f6rverkliga? Kontakta mig s\u00e5 kan se diskutera m\u00f6jligheterna - Benjamin Viktorin\",\"breadcrumb\":{\"@id\":\"https:\/\/viktorin.se\/#breadcrumb\"},\"inLanguage\":\"sv-SE\",\"potentialAction\":[{\"@type\":\"ReadAction\",\"target\":[\"https:\/\/viktorin.se\/\"]}]},{\"@type\":\"ImageObject\",\"inLanguage\":\"sv-SE\",\"@id\":\"https:\/\/viktorin.se\/#primaryimage\",\"url\":\"https:\/\/viktorin.se\/wp-content\/uploads\/brizy\/imgs\/Mitt-projekt-960x1440x0x173x960x951x1685013232.png\",\"contentUrl\":\"https:\/\/viktorin.se\/wp-content\/uploads\/brizy\/imgs\/Mitt-projekt-960x1440x0x173x960x951x1685013232.png\"},{\"@type\":\"BreadcrumbList\",\"@id\":\"https:\/\/viktorin.se\/#breadcrumb\",\"itemListElement\":[{\"@type\":\"ListItem\",\"position\":1,\"name\":\"Hem\",\"item\":\"https:\/\/viktorin.se\/\"},{\"@type\":\"ListItem\",\"position\":2,\"name\":\"Benjamin Viktorin\"}]},{\"@type\":\"WebSite\",\"@id\":\"https:\/\/viktorin.se\/#website\",\"url\":\"https:\/\/viktorin.se\/\",\"name\":\"Benjamin Viktorin\",\"description\":\"Kontakta mig\",\"potentialAction\":[{\"@type\":\"SearchAction\",\"target\":{\"@type\":\"EntryPoint\",\"urlTemplate\":\"https:\/\/viktorin.se\/?s={search_term_string}\"},\"query-input\":\"required name=search_term_string\"}],\"inLanguage\":\"sv-SE\"}]}<\/script>\n<!-- \/ Yoast SEO plugin. -->","yoast_head_json":{"title":"Benjamin Viktorin - Kontakta mig","description":"Har du en ide p\u00e5 hemsida som du vill f\u00f6rverkliga? Kontakta mig s\u00e5 kan se diskutera m\u00f6jligheterna - Benjamin Viktorin","robots":{"index":"index","follow":"follow","max-snippet":"max-snippet:-1","max-image-preview":"max-image-preview:large","max-video-preview":"max-video-preview:-1"},"canonical":"https:\/\/viktorin.se\/","og_locale":"sv_SE","og_type":"article","og_title":"Benjamin Viktorin - Kontakta mig","og_description":"Har du en ide p\u00e5 hemsida som du vill f\u00f6rverkliga? Kontakta mig s\u00e5 kan se diskutera m\u00f6jligheterna - Benjamin Viktorin","og_url":"https:\/\/viktorin.se\/","og_site_name":"Benjamin Viktorin","article_modified_time":"2024-06-13T23:31:55+00:00","og_image":[{"url":"https:\/\/viktorin.se\/wp-content\/uploads\/brizy\/imgs\/Mitt-projekt-960x1440x0x173x960x951x1685013232.png"}],"twitter_card":"summary_large_image","twitter_misc":{"Ber\u00e4knad l\u00e4stid":"1 minut"},"schema":{"@context":"https:\/\/schema.org","@graph":[{"@type":"WebPage","@id":"https:\/\/viktorin.se\/","url":"https:\/\/viktorin.se\/","name":"Benjamin Viktorin - Kontakta mig","isPartOf":{"@id":"https:\/\/viktorin.se\/#website"},"primaryImageOfPage":{"@id":"https:\/\/viktorin.se\/#primaryimage"},"image":{"@id":"https:\/\/viktorin.se\/#primaryimage"},"thumbnailUrl":"https:\/\/viktorin.se\/wp-content\/uploads\/brizy\/imgs\/Mitt-projekt-960x1440x0x173x960x951x1685013232.png","datePublished":"2023-05-25T11:50:46+00:00","dateModified":"2024-06-13T23:31:55+00:00","description":"Har du en ide p\u00e5 hemsida som du vill f\u00f6rverkliga? Kontakta mig s\u00e5 kan se diskutera m\u00f6jligheterna - Benjamin Viktorin","breadcrumb":{"@id":"https:\/\/viktorin.se\/#breadcrumb"},"inLanguage":"sv-SE","potentialAction":[{"@type":"ReadAction","target":["https:\/\/viktorin.se\/"]}]},{"@type":"ImageObject","inLanguage":"sv-SE","@id":"https:\/\/viktorin.se\/#primaryimage","url":"https:\/\/viktorin.se\/wp-content\/uploads\/brizy\/imgs\/Mitt-projekt-960x1440x0x173x960x951x1685013232.png","contentUrl":"https:\/\/viktorin.se\/wp-content\/uploads\/brizy\/imgs\/Mitt-projekt-960x1440x0x173x960x951x1685013232.png"},{"@type":"BreadcrumbList","@id":"https:\/\/viktorin.se\/#breadcrumb","itemListElement":[{"@type":"ListItem","position":1,"name":"Hem","item":"https:\/\/viktorin.se\/"},{"@type":"ListItem","position":2,"name":"Benjamin Viktorin"}]},{"@type":"WebSite","@id":"https:\/\/viktorin.se\/#website","url":"https:\/\/viktorin.se\/","name":"Benjamin Viktorin","description":"Kontakta mig","potentialAction":[{"@type":"SearchAction","target":{"@type":"EntryPoint","urlTemplate":"https:\/\/viktorin.se\/?s={search_term_string}"},"query-input":"required name=search_term_string"}],"inLanguage":"sv-SE"}]}},"_links":{"self":[{"href":"https:\/\/viktorin.se\/index.php?rest_route=\/wp\/v2\/pages\/14","targetHints":{"allow":["GET"]}}],"collection":[{"href":"https:\/\/viktorin.se\/index.php?rest_route=\/wp\/v2\/pages"}],"about":[{"href":"https:\/\/viktorin.se\/index.php?rest_route=\/wp\/v2\/types\/page"}],"author":[{"embeddable":true,"href":"https:\/\/viktorin.se\/index.php?rest_route=\/wp\/v2\/users\/1"}],"replies":[{"embeddable":true,"href":"https:\/\/viktorin.se\/index.php?rest_route=%2Fwp%2Fv2%2Fcomments&post=14"}],"version-history":[{"count":30,"href":"https:\/\/viktorin.se\/index.php?rest_route=\/wp\/v2\/pages\/14\/revisions"}],"predecessor-version":[{"id":135,"href":"https:\/\/viktorin.se\/index.php?rest_route=\/wp\/v2\/pages\/14\/revisions\/135"}],"wp:attachment":[{"href":"https:\/\/viktorin.se\/index.php?rest_route=%2Fwp%2Fv2%2Fmedia&parent=14"}],"curies":[{"name":"wp","href":"https:\/\/api.w.org\/{rel}","templated":true}]}}